{"id":5945,"date":"2013-01-19T15:51:23","date_gmt":"2013-01-19T20:51:23","guid":{"rendered":"https:\/\/inalj.com\/?page_id=5945"},"modified":"2022-10-27T05:58:25","modified_gmt":"2022-10-27T10:58:25","slug":"inalj-quebec","status":"publish","type":"page","link":"https:\/\/inalj.com\/?page_id=5945","title":{"rendered":"INALJ Qu\u00e9bec"},"content":{"rendered":"<h3><\/h3>\n<h3 style=\"text-align: center;\"><span style=\"color: #ff0000;\"><strong>No longer updated! Instead check out <span style=\"color: #0000ff;\"><a style=\"color: #0000ff;\" href=\"https:\/\/inalj.com\/?page_id=8008\">INALJ International<\/a><\/span> for non-U.S. based postings!<\/strong><\/span><\/h3>\n<p style=\"text-align: center;\"><span style=\"color: #800080;\"><b>As of 2021 I am seeking someone(s) to take over the Canadian INALJ pages<br \/>\n<\/b><b>(no longer hosted on INALJ) \u2013 Please email\u00a0<\/b><a style=\"color: #800080;\" href=\"mailto:jobs@inalj.com\"><b>jobs@inalj.com<\/b><\/a><b>\u00a0for further info<\/b><\/span><\/p>\n<ul>\n<li><a href=\"#sponsored\">Sponsored Jobs<\/a><\/li>\n<li><a href=\"#new\">New Job Listings<\/a><\/li>\n<li><a href=\"#web\">Websites for Jobs<\/a><\/li>\n<li><a href=\"#contact\">Contact Us<\/a><\/li>\n<\/ul>\n<div>\n<h3><b><a name=\"sponsored\"><\/a>SPONSORED JOBS<\/b><\/h3>\n<\/div>\n<div>\n<h3 style=\"text-align: center;\"><span style=\"color: #800080;\">Have your job seen by the most job hunters! Get more qualified applicants!<\/span><br \/>\n<span style=\"color: #800080;\"> Place a\u00a0<strong>sponsored ad<\/strong>\u00a0today!<\/span>\u00a0<span style=\"color: #3366ff;\"><a style=\"color: #3366ff;\" href=\"https:\/\/inalj.com\/?page_id=79649\" target=\"_blank\" rel=\"noopener noreferrer\">Details here<\/a>!<\/span><\/h3>\n<\/div>\n<h3><span style=\"color: #993366;\"><b><a style=\"color: #993366;\" name=\"new\"><\/a>New Jobs<br \/>\n<\/b><\/span><\/h3>\n<h3 style=\"text-align: center;\">ALL individual jobs are found in pdf format <span style=\"color: #0000ff;\"><a style=\"color: #0000ff;\" href=\"https:\/\/inalj.com\/?page_id=104874\" target=\"_blank\" rel=\"noopener noreferrer\">at this link<\/a><\/span><\/h3>\n<h3 style=\"text-align: center;\">All lists of additional sites to check will remain below, here on this page<\/h3>\n<p>&nbsp;<\/p>\n<h3 style=\"text-align: center;\"><span lang=\"FR-CA\">Toutes les offres d\u2019emploi se trouveront en format .pdf <\/span><a href=\"https:\/\/inalj.com\/?page_id=102515\" target=\"_blank\" rel=\"noopener noreferrer\"><span lang=\"FR-CA\"><u><span style=\"color: #0066cc;\">ici<\/span><\/u><\/span><\/a><span lang=\"FR-CA\">.<\/span><\/h3>\n<h3 style=\"text-align: center;\"><span style=\"font-size: small;\"><span lang=\"FR-CA\">Voir ci-dessous la liste d\u2019URL utiles pour les chercheurs de travail<\/span><\/span><\/h3>\n<p>&nbsp;<\/p>\n<div class=\"storycontent\">\n<h3><b><a name=\"web\"><\/a>Websites for Jobs<\/b><\/h3>\n<p><em>Job Banks<\/em><\/p>\n<ul>\n<li><a href=\"http:\/\/www.rcip-chin.gc.ca\/emplois-jobs\/voir-view\/lister-list-eng.app\" target=\"_Blank\" rel=\"noopener noreferrer\">Canadian Heritage Information Network<\/a><\/li>\n<li><a href=\"http:\/\/feeds.feedburner.com\/qcjobs\" target=\"_blank\" rel=\"noopener noreferrer\">Canadian Library Association<\/a><\/li>\n<li><a href=\"https:\/\/charityvillage.com\/jobs\/search-results.aspx?type=&amp;location=region&amp;postalcode=&amp;Km=25&amp;region=22&amp;positiontype=&amp;jobcategory=&amp;careerlevel=&amp;salaryfrom=&amp;salaryto=&amp;keywords=&amp;titleonly=&amp;organizationtype=&amp;jws=&amp;searchId=\" target=\"_blank\" rel=\"noopener noreferrer\">Charity Village<\/a><\/li>\n<li><a href=\"http:\/\/diplomes.ebsi.umontreal.ca\/emplois\/\" target=\"_blank\" rel=\"noopener noreferrer\">\u00c9cole de biblioth\u00e9conomie et des sciences de l&#8217;information\u00a0(Universit\u00e9 de Montr\u00e9al) EBSI \u2013 Banque d&#8217;emplois<\/a>. RSS for new jobs.<\/li>\n<\/ul>\n<p><!--a href=\"http:\/\/lists.mcgill.ca\/archives\/sis-jobs.html\"Archives of job offers of McGill School of Information Studies of McGill University. Look for jobs in weekly lists. Closed during summer, automne.--> <strong>Public Libraries<\/strong><\/p>\n<ul>\n<li><a href=\"https:\/\/www.banq.qc.ca\/offres_emploi\/emploi_disponible\/\">Biblioth\u00e8que et Archives Nationale du Qu\u00e9bec (BAnQ)<\/a> lists job openings on its site. You need to open a file before to apply for a job. Job alert when there is an opening that is convenient for you.<\/li>\n<li><a href=\"http:\/\/www.quebecmunicipal.qc.ca\/libraries\/services\/EmploiService.asp?op=rss\">Qu\u00e9bec Municipal<\/a> (RSS)<\/li>\n<li><a href=\"http:\/\/www.rimq.qc.ca.\/abonnement_bulletin_emploi.php\" target=\"_blank\" rel=\"noopener noreferrer\">R\u00e9seau d\u2019Information Municipale du Qu\u00e9bec (RIM), job newsletter every Wednesday<\/a><\/li>\n<li><a href=\"http:\/\/www.umq.qc.ca\/emplois\/les-offres-demploi\/\">Union des municipalit\u00e9s du Qu\u00e9bec<\/a>.<\/li>\n<li><a href=\"http:\/\/ville.montreal.qc.ca\/portal\/page?_pageid=7257,73609618&amp;_dad=portal&amp;_schema=PORTAL\">Ville de Montr\u00e9al<\/a> lists job openings on its site (section <i>Candidat de l\u2019externe<\/i>, categorie <i>Professionnel \u2013 Professionnel g\u00e9n\u00e9ral<\/i>). You need to open a file before to apply for a job. Daily job alert for the categorie <i>Professionnel \u2013 Professionnel g\u00e9n\u00e9ral<\/i>.<\/li>\n<li><a href=\"http:\/\/emplois.ville.blainville.qc.ca\/CL2\/xweb\/XWeb.asp?tbtoken=YFhQRxoXCG11Fn10QVJWCFZPdWREcFBackgjJlANE2MsK0QdX0MZdmV8BAkbUhVWSXUqWw%3D%3D&amp;chk=dFlbQBJe&amp;clid=60405&amp;page=joblisting\">Ville de Blainville<\/a>. Job alert by e-mail.<\/li>\n<li><a href=\"http:\/\/www.ville.chateauguay.qc.ca\/emplois-disponibles\">Ville de Ch\u00e2teauguay<\/a>.<\/li>\n<li><a href=\"http:\/\/www.cotesaintluc.org\/jobs\">Ville de Cote-Saint-Luc<\/a>.<\/li>\n<li><a href=\"http:\/\/www.ville.ddo.qc.ca\/fr\/default.asp?contentID=26\">Ville de Dollard-des-Ormeaux<\/a>.<\/li>\n<li><a href=\"http:\/\/clients.njoyn.com\/CL2\/xweb\/Xweb.asp?tbtoken=YFhQRB4XCBtzYANxRCFcCFdJAWFEcCBce0gjUlh%2FE2cqKkJvUUQfdBNzdAkbVhJSQXIqWw%3D%3D&amp;chk=dFlbQBJe&amp;CLID=27082&amp;page=joblisting&amp;LANG=2\">Ville de Gatineau<\/a>. Job alert by e-mail needs to be activated every 90 days.<\/li>\n<li><a href=\"http:\/\/www.longueuil.ca\/fr\/emplois\">Ville de Longueuil<\/a>.<\/li>\n<li><a href=\"http:\/\/www.ville.mont-royal.qc.ca\/index.php?id=373\">Ville de Mont-Royal<\/a>.<\/li>\n<li><a href=\"http:\/\/www.ville.quebec.qc.ca\/emplois\/index.aspx\">Ville de Qu\u00e9bec<\/a>.<\/li>\n<li><a href=\"http:\/\/www.ville.sainte-julie.qc.ca\/cgi-bin\/index.cgi?page=c1_1_6_0&amp;langue=fra\">Ville de Sainte-Julie<\/a>.<\/li>\n<li><a href=\"http:\/\/www.ville.terrebonne.qc.ca\/service-en-ligne_offres-emploi.php\">Ville de Terrebonne<\/a>.<\/li>\n<li><a href=\"http:\/\/www.ville.lachute.qc.ca\/services-en-ligne\/offres-emplois\/\">Ville de Lachute<\/a>.<\/li>\n<li><a href=\"http:\/\/www.ville.levis.qc.ca\/Fr\/emplois\/emplois.asp\">Ville de L\u00e9vis<\/a>.<\/li>\n<li><a href=\"http:\/\/www.ville.mercier.qc.ca\/06_citoyens\/emplois.asp\">Ville de Mercier<\/a>.<\/li>\n<li><a href=\"http:\/\/ville.mirabel.qc.ca\/emplois.php\">Ville de Mirabel<\/a>.<\/li>\n<li><a href=\"http:\/\/www.ville.quebec.qc.ca\/emplois\/index.aspx\">Ville de Qu\u00e9bec<\/a>.<\/li>\n<li>Ville de Qu\u00e9bec &#8211; <a href=\"http:\/\/www.institutcanadien.qc.ca\/accueil\/qui_sommes_nous\/page_emplois.php?entete=sommes_nous&amp;page=e\">L\u2019Institut Canadien de Qu\u00e9bec<\/a> for jobs at City of Quebec libraries.<\/li>\n<li><a href=\"http:\/\/www.ville.rouyn-noranda.qc.ca\/fr\/page\/emplois\/\">Ville de Rouyn-Noranda<\/a>.<\/li>\n<li><a href=\"http:\/\/www.ville.saint-jean-sur-richelieu.qc.ca\/carrieres\/emplois-et-stages\/Pages\/postes-offerts-a-tous.aspx\">Ville de Saint-Jean-sur-Richelieu<\/a>.<\/li>\n<li><a href=\"http:\/\/www.ville.varennes.qc.ca\/portrait-services\/offresdemploi\">Ville de Varennes<\/a>.<\/li>\n<li><a href=\"http:\/\/www.ville.victoriaville.qc.ca\/content\/fr-CA\/s3d_postesdispo.aspx\">Ville de Victoriaville<\/a>.<\/li>\n<\/ul>\n<p><strong>Academic Libraries<\/strong><\/p>\n<ul>\n<li><a href=\"http:\/\/www.ubishops.ca\/human-resources\/employment-opportunities\/librarians-employment.html\">Bishop\u2019s University list<\/a> of library job openings.<\/li>\n<li><a href=\"http:\/\/library.concordia.ca\/about\/jobs\/\">Concordia University Libraries<\/a> lists job openings on its site.<\/li>\n<li><a href=\"http:\/\/www.etsmtl.ca\/Emplois\">\u00c9cole de technologie sup\u00e9rieure<\/a> (\u00c9TS) lists all job offers.<\/li>\n<li><a href=\"http:\/\/www.enap.ca\/enap\/147\/Emplois_a_l%27ENAP.enap\">\u00c9cole national de l\u2019administation publique<\/a> (ENAP) lists all job offers.<\/li>\n<li><a href=\"http:\/\/www.polymtl.ca\/rensgen\/offresemp\/\">\u00c9cole Polytechnique de Montr\u00e9al<\/a>.<\/li>\n<li><a href=\"http:\/\/www.inrs.ca\/emplois\/emplois\">Institut national de la recherche scientifique<\/a> (INRS) lists all job offers.<\/li>\n<li><a href=\"http:\/\/www.mcgill.ca\/hr\/workingmcgill\/positions-available\">McGill University<\/a> list of all job openings.<\/li>\n<li><a href=\"http:\/\/www.mcgill.ca\/library\/about\/jobs\">McGill Library<\/a>.<\/li>\n<li><a href=\"http:\/\/tbe.taleo.net\/CH12\/ats\/careers\/jobSearch.jsp?org=TELUQ&amp;cws=1\">T\u00e9l\u00e9-universit\u00e9<\/a>.<\/li>\n<li><a href=\"http:\/\/www.carrieres.umontreal.ca\/offres-emplois\/bur-tech-biblio.html\">Universit\u00e9 de Montr\u00e9al<\/a> lists all job openings (categories <i>Bureau, technique, biblioth\u00e8que\/Affichage en cours \u2013 Offert \u00e0 tous<\/i>, <i>Cadres et professionnels\/Affichage en cours \u2013 Offert \u00e0 tous<\/i>). Weekly job alert by e-mail.<\/li>\n<li><a href=\"https:\/\/www.sofe.usherbrooke.ca\/sofe-service\/f?p=103:30:9040764308620::NO:30:G_PARAM,G_PARAM,G_PARAM:,,\">Universit\u00e9 de Sherbrooke<\/a> lists all job openings.<\/li>\n<li><a href=\"http:\/\/www.uquebec.ca\/emploi\/\">Universit\u00e9 du Qu\u00e9bec (Qu\u00e9bec)<\/a> lists all job offers. <a href=\"http:\/\/www.uquebec.ca\/emploi\/rss_emplois.cfm\">RSS<\/a> for new offers.<\/li>\n<li><a href=\"http:\/\/www.uqac.ca\/emploi\/\">Universit\u00e9 du Qu\u00e9bec \u00e0 Chicoutimi<\/a> lists all job openings. <a href=\"http:\/\/www.uqac.ca\/emploi\/feed\/?post_type=job_listing\">RSS<\/a> for new jobs that you can filter with Yahoo! Pipes (<a href=\"https:\/\/inalj.com\/?p=19633\">See my article about how to do it<\/a>).<\/li>\n<li><a href=\"https:\/\/www.rhu.uqam.ca\/visiteurs\/\">Universit\u00e9 du Qu\u00e9bec \u00e0 Montr\u00e9al<\/a> (UQAM) lists job openings on the HR site.<\/li>\n<li><a href=\"http:\/\/www.uqar.ca\/rh\/emplois\/\">Universit\u00e9 du Qu\u00e9bec \u00e0 Rimouski<\/a> (UQAR) lists all job offers.<\/li>\n<li><a href=\"http:\/\/www.uqtr.ca\/postesofferts\/\">Universit\u00e9 du Qu\u00e9bec \u00e0 Trois-Rivi\u00e8res<\/a> (UQTR) lists all job offers.<\/li>\n<li><a href=\"http:\/\/www.uqat.ca\/universite\/travailler\/?menu=emplois\">Universit\u00e9 du Qu\u00e9bec en Abitibi-T\u00e9miscamingue<\/a> (UQAT) lists all available jobs.<\/li>\n<li><a href=\"http:\/\/uqo.ca\/emplois\/\">Universit\u00e9 du Qu\u00e9bec en Outaouais<\/a> (UQO) lists all job offers.<\/li>\n<li><a href=\"http:\/\/www.cegepat.qc.ca\/emplois\">Cegep de l\u2019Abitibi-T\u00e9miscamingue<\/a>.<\/li>\n<li><a href=\"http:\/\/www.cegepoutaouais.qc.ca\/index.php\/cegep\/offre-d-emploi\">C\u00e9gep de l\u2019Outaouais<\/a> lists all job offers.<\/li>\n<li><a href=\"http:\/\/www.cegepgim.ca\/emploi\">C\u00e9gep de la Gasp\u00e9sie et des \u00celes<\/a> lists of all job offers.<\/li>\n<li><a href=\"http:\/\/drh.cegepgarneau.ca\/index.php?option=com_content&amp;view=article&amp;id=43&amp;Itemid=61\">C\u00e9gep Garneau<\/a>.<\/li>\n<li><a href=\"http:\/\/www.cegeplimoilou.ca\/grand-public\/travailler-au-cegep\/?section=1212\">C\u00e9gep de Limoilou<\/a>.<\/li>\n<li><a href=\"http:\/\/www.cegep-ste-foy.qc.ca\/freesite\/index.php?id=41449\">C\u00e9gep de Sainte-Foy<\/a> (Qu\u00e9bec).<\/li>\n<li><a href=\"http:\/\/emplois.cegepsth.qc.ca\/\">C\u00e9gep de St-Hyacinthe<\/a>, alerte-emploi.<\/li>\n<li><a href=\"http:\/\/admin.crc-sher.qc.ca\/job-opportunities\/\">Champlain Regional College<\/a>.<\/li>\n<li><a href=\"http:\/\/www.collegeahuntsic.qc.ca\/college\/travailler-au-college-ahuntsic\/emplois-offerts\">Coll\u00e8ge Ahunstic<\/a> lists all job offers. Library jobs are in the category Biblioth\u00e9conomie. Job alert by e-mail.<\/li>\n<li><a href=\"http:\/\/www.grasset.qc.ca\/ressources-humaines.php\">Coll\u00e8ge Andr\u00e9-Grasset<\/a> (Montr\u00e9al) lists all job offers.<\/li>\n<li><a href=\"https:\/\/dawsoncollege.tms.hrdepartment.com\/cgi-bin\/a\/alljobs.cgi?qty=25&amp;order=jobs.timedate%20DESC\">Coll\u00e8ge Dawson<\/a>.<\/li>\n<li><a href=\"http:\/\/emploi.college-em.qc.ca\/emplois\/emplois-disponibles\/\">Coll\u00e8ge \u00c9douard-Montpetit<\/a> lists of all job offers. \u00a0Job alert by e-mail.<\/li>\n<li><a href=\"http:\/\/www.jeandelamennais.qc.ca\/spip\/spip.php?rubrique101\">Coll\u00e8ge Jean de la Mennais<\/a> lists all job offers.<\/li>\n<li><a href=\"https:\/\/secure.manitou-psa.com\/pages\/mai-drh\/offres-demploi.html\">Coll\u00e8ge Maisonneuve<\/a>.<\/li>\n<li><a href=\"https:\/\/secure.manitou-psa.com\/pages\/ros-drh\/Home.html\">Coll\u00e8ge Rosemont<\/a>.<\/li>\n<li><a href=\"http:\/\/www.emploicegep.qc.ca\/fr\/index.html\">Emploi C\u00e9gep.<\/a><\/li>\n<\/ul>\n<p><strong>Special Libraries<\/strong><\/p>\n<ul>\n<li><a href=\"http:\/\/www.chumontreal.qc.ca\/carrieres\/offres-d-emploi\">CHUM &#8211; Centre hospitalier de l\u2019Universit\u00e9 de Montr\u00e9al &#8211; all job openings<\/a>. Job alert by e-mail, librarians are in the category <em>Recherche et enseignement<\/em>.<\/li>\n<li><a href=\"http:\/\/www.chuspourmoi.ca\/zone-recrutement\/offres-demplois\/\">CHUS &#8211; Centre hospitalier universitaire de Sherbrook &#8211; all job openings<\/a>. Job alert by e-mail, librarians are in the category <em>Recherche et enseignement<\/em>.<\/li>\n<li>Consult <a href=\"http:\/\/www.jobillico.com\/voir-entreprise\/musee-de-la-civilisation\">the page of the Mus\u00e9e de la Civilisation (Quebec) at Jobillico<\/a>.<\/li>\n<li><a href=\"http:\/\/www.avataq.qc.ca\/en\/Employment-opportunities\">Avataq Cultural Institute, Documentation Centre on Inuit History (Westmount)<\/a>.<\/li>\n<li><a href=\"https:\/\/tbe.taleo.net\/CH08\/ats\/careers\/jobSearch.jsp?org=AMT&amp;cws=1\">Agence m\u00e9tropolitaine de transport (AMT)<\/a>.<\/li>\n<li><a href=\"http:\/\/www.aecl.ca\/en\/home\/work\/employment\/apply-to-vacancies\/default.aspx\">Atomic Energy of Canada Limited<\/a>.<\/li>\n<li><a href=\"http:\/\/emploi.hydroquebec.com\/carri%C3%A8res\/emplois-tous-les-postes\">Hydro-Qu\u00e9bec<\/a>.<\/li>\n<\/ul>\n<p><strong>School Libraries<\/strong><\/p>\n<ul>\n<li>Search the <a href=\"http:\/\/csdm.ca\/travailler-csdm\/offres-demploi\/\">Commission scolaire de Montr\u00e9al<\/a> list of job opening. <a href=\"http:\/\/www.csdm.qc.ca\/sitecore\/content\/RSS%20Feeds\/TravaillerCSDM.aspx\">RSS <\/a>for new job openings.<\/li>\n<li>Search the <a href=\"http:\/\/www.csmb.qc.ca\/fr-CA\/ChercheursEmplois\/OffresEmplois\/ToutesLesOffres.aspx\">Commission scolaire Marguerite-Bourgeois<\/a> list of job openings.<\/li>\n<li><a href=\"http:\/\/www.csdgs.qc.ca\/?B325B3C8-156B-4080-AA69-66326200D2BE\">Commission scolaire des Grandes-Seigneuries<\/a> lists all available jobs at its site.<\/li>\n<li><a href=\"http:\/\/www.csbj.qc.ca\/fr\/commission_scolaire\/carrieres\/postes_disponibles.php#58\">Commission scolaire de la Baie-James<\/a> lists all available jobs at its site.<\/li>\n<li>The <a href=\"http:\/\/www.fcsq.qc.ca\/carrieres\/\">list of all job openings at School Commissions in Quebec<\/a> include sometimes jobs for librarians.<\/li>\n<li><a href=\"http:\/\/www.cqsb.qc.ca\/MyScriptorWeb\/scripto.asp?resultat=263852#465965\">Commission scolaire Central Quebec<\/a> lists all available jobs at its site.<\/li>\n<li><a href=\"http:\/\/www.csob.qc.ca\/Site\/1er%20niveau\/propos\/emplois\/emploi.asp\">Commission scolaire de l\u2019Or-et-des-Bois<\/a>\u00a0lists all available jobs at its site.<\/li>\n<li><a href=\"http:\/\/web.csdn.qc.ca\/node\/554\">Commission scolaire des Navigateurs lists all available jobs at its site.<\/a><\/li>\n<li><a href=\"http:\/\/www.csvdc.qc.ca\/spip.php?rubrique116\">Commission scolaire du Val-des-Cerfs<\/a> lists all available jobs at its site (Sous-rubrique Non enseignants).<\/li>\n<li><a href=\"http:\/\/www.csduroy.qc.ca\/emplois\/\">Commission scolaire du Chemin-du-Roy<\/a>.<\/li>\n<li><a href=\"http:\/\/www.csrdn.qc.ca\/template.asp?id=68\">Commission scolaire de la Rivi\u00e8re-du-Nord<\/a>.<\/li>\n<li><a href=\"http:\/\/www.csdps.qc.ca\/organisation-et-services\/offres-demploi\/affichage-externe\/index.html\">Commission scolaire des Premi\u00e8res-Seigneuries<\/a>.<\/li>\n<li><a href=\"http:\/\/www.cspi.qc.ca\/index.php?option=com_docman&amp;task=cat_view&amp;gid=36&amp;Itemid=4\">Commission scolaire de la Pointe-de-l&#8217;\u00cele<\/a>.<\/li>\n<\/ul>\n<p><strong>Professional associations<\/strong><\/p>\n<ul>\n<li><a href=\"https:\/\/cbpq.qc.ca\/offres-emploi\">Corporation des biblioth\u00e9caires professionnels du Qu\u00e9bec<\/a> (CBPQ) lists jobs on its site. <a href=\"https:\/\/cbpq.qc.ca\/offres-emploi\/flux\/2013-03\">RSS <\/a>for new jobs.<\/li>\n<li>Search the <a href=\"http:\/\/www.asted.org\/home.php?sid=cms&amp;pid=folder&amp;stid=281\">Association pour l&#8217;avancement des sciences et des techniques de la documentation<\/a> (ASTED) list of jobs. <a href=\"http:\/\/www.asted.org\/_uploadedcontent\/rss\/news_2.rss\">RSS <\/a>of news (including job offers).<\/li>\n<li>Search the <a href=\"http:\/\/abqla.qc.ca\/job-listings\" target=\"_blank\" rel=\"noopener noreferrer\">Quebec Library Association <\/a>job list.<\/li>\n<li>List of jobs of <a href=\"http:\/\/www.archivistes.qc.ca\/\">Association des archivistes du Qu\u00e9bec<\/a> is available only for members.<\/li>\n<li>List of jobs of <a href=\"http:\/\/aptdq.org\/aide-a-lemploi\/presentation\/\">Association professionnelle des techniciennes et techniciens en documentation du Qu\u00e9bec<\/a>\u00a0(APTDQ) is available only for members.<\/li>\n<\/ul>\n<p><strong>Volunteer Opportunities<\/strong><\/p>\n<ul>\n<li><a href=\"http:\/\/www.atwaterlibrary.ca\/support\/volunteer\">Atwater Library and Computer Centre<\/a><\/li>\n<li><a href=\"http:\/\/www.mcl-bjm.ca\/french\/benevoles.html\">Montreal Children&#8217;s Library<\/a><\/li>\n<li><a href=\"http:\/\/www.jewishpubliclibrary.org\/en\/general+information\/volunteering\/\">Jewish Public Library<\/a><\/li>\n<li><a href=\"http:\/\/csllibrary.org\/about-your-library\/volunteering\/\">The Eleanor London Public Library<\/a><\/li>\n<\/ul>\n<p><strong>Other ideas<\/strong><\/p>\n<ul>\n<li><a href=\"http:\/\/www.eluta.ca\/search?q=field%3ALibrarians&amp;l=Quebec+QC&amp;qc=\" target=\"_blank\" rel=\"noopener noreferrer\">Eluta.ca search for \u201clibrarian\u201d positions in QC <\/a>(e.g. Records Analyst, Document Analyst etc.)<\/li>\n<li><a href=\"http:\/\/www.eluta.ca\/search?q=field%3A%22Computing+%28All%29%22&amp;l=Quebec&amp;qc=\" target=\"_blank\" rel=\"noopener noreferrer\">Eluta.ca search for \u201ccomputing\u201d positions in QC<\/a> (e.g. \u201cSharePoint Consultant, Enterprise Architect, Systems Analyst etc.)<\/li>\n<li><a href=\"http:\/\/www.eluta.ca\/search?q=field%3AAdministrative%2FClerical&amp;l=Quebec&amp;qc=\" target=\"_blank\" rel=\"noopener noreferrer\">Eluta.ca search for \u201cadministrative\/clerical\u201d positions in QC<\/a> (e.g. Information Specialist, Information Management Administrator etc.)<\/li>\n<li><a href=\"http:\/\/www.eluta.ca\/search?q=field%3AArts%2FCulture&amp;l=Quebec&amp;qc=\" target=\"_blank\" rel=\"noopener noreferrer\">Eluta.ca search for \u201carts\/cultural\u201d positions in QC<\/a> (e.g. Museum Program Coordinator etc.)<\/li>\n<li><a href=\"http:\/\/www.eluta.ca\/search?q=field%3A%22Health%2FMedical+-+Health+Records%22&amp;l=Quebec&amp;qc=\" target=\"_blank\" rel=\"noopener noreferrer\">Eluta.ca search for \u201chealth records\u201d positions in QC<\/a> (e.g. Data Analyst, Health Records Technician, Clinical Analyst etc.)<\/li>\n<li><a href=\"http:\/\/www.eluta.ca\/search?q=field%3AMedia%2FPublishing&amp;l=Quebec&amp;qc=\" target=\"_blank\" rel=\"noopener noreferrer\">Eluta.ca search for \u201cmedia\/publishing\u201d positions in QC<\/a> (e.g. Research Analyst, Technical Writer, Proofreader, Book Editor etc.)<\/li>\n<li><a href=\"http:\/\/www.eluta.ca\/search?q=Search+Engine+Optimization+%28SEO%29+Specialist&amp;l=Quebec&amp;qc=\" target=\"_blank\" rel=\"noopener noreferrer\">Eluta.ca search for \u201cSEO\u201d positions in QC<\/a> (e.g. SEO Specialist, Web Content Specialist etc.)<\/li>\n<li><a href=\"http:\/\/www.eluta.ca\/search?q=GIS&amp;l=Quebec&amp;qc=\" target=\"_blank\" rel=\"noopener noreferrer\">Eluta.ca search for \u201cGIS\u201d positions in QC<\/a> (e.g. GIS Specialist, GIS Technician, Geomatics Technician etc.)<\/li>\n<li><a href=\"http:\/\/www.eluta.ca\/search?q=knowledge+management&amp;l=Quebec&amp;qc=\" target=\"_blank\" rel=\"noopener noreferrer\">Eluta.ca search for \u201cKnowledge Management\u201d positions<\/a> in QC<\/li>\n<li><a href=\"http:\/\/www.eluta.ca\/search?q=%22Competitive+Intelligence%22&amp;l=Quebec&amp;qc=\" target=\"_blank\" rel=\"noopener noreferrer\">Eluta.ca search for \u201cCompetitive Intelligence\u201d positions<\/a> in QC<\/li>\n<li><a href=\"http:\/\/www.espresso-jobs.com\/\">Espresso-Jobs<\/a> for Web jobs. <a href=\"http:\/\/feeds.feedburner.com\/espressojobs\">RSS<\/a> of new job offers.<\/li>\n<li><a href=\"http:\/\/www.glassdoor.ca\/index.htm\">Glassdoor Canada<\/a><\/li>\n<li><a href=\"http:\/\/www.collectionscanada.gc.ca\/gateway\/s22-230-e.html\">List of Quebec libraries<\/a> at the site of Library and Archives of Canada. Attention! Some links are not working!<\/li>\n<li><a href=\"http:\/\/neuvoo.ca\/fr\/s\/?k=biblioth%C3%A8que&amp;l=Qu%C3%A9bec%2C+CA\">Neuvoo.ca\u00a0search<\/a> for \u201clibrary\u201d jobs in Quebec.<\/li>\n<\/ul>\n<p>&#8212;<\/p>\n<h3><b><a name=\"contact\"><\/a>Contact Us<\/b><\/h3>\n<p><em><em>If you have a job or website you want us to add email us at\u00a0<\/em> <strong><a href=\"mailto:jobs@inalj.com\">jobs@inalj.com\u00a0 <\/a>Always put the state\/province\/country In The Subject Line of emails<\/strong><\/em><\/p>\n<p><em>This list of websites is based on resources compiled by Rachel Singer Gordon- edited, updated and added to on 11\/4\/12 by Naomi House.\u00a0 Elena Bubelich was instrumental in creating and maintaining this page!\u00a0 Now curated and maintained by the Editor of this page.<br \/>\n<\/em><\/p>\n<\/div>\n","protected":false},"excerpt":{"rendered":"<p>No longer updated! Instead check out INALJ International for non-U.S. based postings! As of 2021 I am seeking someone(s) to take over the Canadian INALJ pages (no longer hosted on INALJ) \u2013 Please email\u00a0jobs@inalj.com\u00a0for further info Sponsored Jobs New Job Listings Websites for Jobs Contact Us SPONSORED JOBS Have your job seen by the most&hellip;<\/p>\n<p class=\"more-link-p\"><a class=\"more-link\" href=\"https:\/\/inalj.com\/?page_id=5945\">Read more \u2192<\/a><\/p>\n","protected":false},"author":9,"featured_media":110505,"parent":0,"menu_order":0,"comment_status":"closed","ping_status":"open","template":"","meta":{"footnotes":""},"tags":[],"class_list":["post-5945","page","type-page","status-publish","has-post-thumbnail","hentry"],"jetpack_shortlink":"https:\/\/wp.me\/P1WoMK-1xT","jetpack_sharing_enabled":true,"_links":{"self":[{"href":"https:\/\/inalj.com\/index.php?rest_route=\/wp\/v2\/pages\/5945","targetHints":{"allow":["GET"]}}],"collection":[{"href":"https:\/\/inalj.com\/index.php?rest_route=\/wp\/v2\/pages"}],"about":[{"href":"https:\/\/inalj.com\/index.php?rest_route=\/wp\/v2\/types\/page"}],"author":[{"embeddable":true,"href":"https:\/\/inalj.com\/index.php?rest_route=\/wp\/v2\/users\/9"}],"replies":[{"embeddable":true,"href":"https:\/\/inalj.com\/index.php?rest_route=%2Fwp%2Fv2%2Fcomments&post=5945"}],"version-history":[{"count":0,"href":"https:\/\/inalj.com\/index.php?rest_route=\/wp\/v2\/pages\/5945\/revisions"}],"wp:featuredmedia":[{"embeddable":true,"href":"https:\/\/inalj.com\/index.php?rest_route=\/wp\/v2\/media\/110505"}],"wp:attachment":[{"href":"https:\/\/inalj.com\/index.php?rest_route=%2Fwp%2Fv2%2Fmedia&parent=5945"}],"wp:term":[{"taxonomy":"post_tag","embeddable":true,"href":"https:\/\/inalj.com\/index.php?rest_route=%2Fwp%2Fv2%2Ftags&post=5945"}],"curies":[{"name":"wp","href":"https:\/\/api.w.org\/{rel}","templated":true}]}}